{"id":67,"date":"2023-02-06T10:06:54","date_gmt":"2023-02-06T10:06:54","guid":{"rendered":"https:\/\/masdeguerin.com\/?page_id=67"},"modified":"2024-02-13T11:42:49","modified_gmt":"2024-02-13T11:42:49","slug":"privacy-policy","status":"publish","type":"page","link":"https:\/\/masdeguerin.com\/en\/politique-de-confidentialite\/","title":{"rendered":"Privacy Policy"},"content":{"rendered":"<h3 class=\"wp-block-heading\">1. Personal data management.<\/h3>\n\n\n\n<p>The Client is informed of the regulations concerning marketing communication, the law of 21 June 2014 for confidence in the Digital Economy, the Data Protection Act of 06 August 2004 as well as the General Data Protection Regulation (RGPD: n\u00b0 2016-679).<\/p>\n\n\n\n<h3 class=\"wp-block-heading\">2. Persons responsible for the collection of personal data<\/h3>\n\n\n\n<p>For the Personal Data collected in the context of the creation of the User's personal account and his navigation on the Site, the person responsible for processing the Personal Data is : <strong>SCI MAS DE GUERIN<\/strong>represented by S\u00e9bastien Marcel, its legal representative<\/p>\n\n\n\n<p>As the controller of the data it collects, <strong>SCI MAS DE GUERIN<\/strong> undertakes to comply with the legal provisions in force. In particular, it is the Client's responsibility to establish the purposes of its data processing, to provide its prospects and clients, once their consent has been collected, with full information on the processing of their personal data and to maintain a register of processing that is in conformity with reality.<br>Whenever <strong>SCI MAS DE GUERIN<\/strong> processes Personal Data, <strong>SCI MAS DE GUERIN<\/strong> takes all reasonable steps to ensure the accuracy and relevance of Personal Data to the purposes for which it is to be used <strong>SCI MAS DE GUERIN<\/strong> treats them.<\/p>\n\n\n\n<h3 class=\"wp-block-heading\">3. Purpose of the data collected<\/h3>\n\n\n\n<p><strong>SCI MAS DE GUERIN<\/strong> may process all or part of the data:<\/p>\n\n\n\n<ul class=\"wp-block-list\">\n<li>to enable browsing on the Site and the management and traceability of services ordered by the user: connection data and use of the Site, billing, order history, etc.<\/li>\n\n\n\n<li>to prevent and fight against computer fraud (spamming, hacking...): computer equipment used for navigation, IP address, password (hashed)<\/li>\n\n\n\n<li>to improve navigation on the Site: connection and usage data<\/li>\n\n\n\n<li>to conduct voluntary satisfaction surveys on <strong>masdeguerin.com<\/strong>&nbsp;email address<\/li>\n\n\n\n<li>to conduct communication campaigns (sms, email): telephone number, email address<\/li>\n<\/ul>\n\n\n\n<p><strong>SCI MAS DE GUERIN<\/strong> does not sell your personal data, which is therefore only used for statistical and analytical purposes.<\/p>\n\n\n\n<h3 class=\"wp-block-heading\">4. Right of access, rectification and opposition<\/h3>\n\n\n\n<p>In accordance with current European regulations, Users of https:\/\/masdeguerin.com have the following rights:<\/p>\n\n\n\n<ul class=\"wp-block-list\">\n<li>right of access (article 15 RGPD) and rectification (article 16 RGPD), update, completeness of Users' data right of blocking or deletion of Users' personal data (article 17 RGPD), when they are inaccurate, incomplete, equivocal, outdated, or whose collection, use, communication or storage is prohibited<\/li>\n\n\n\n<li>right to withdraw consent at any time (Article 13-2c GDPR)<\/li>\n\n\n\n<li>right to restrict the processing of Users' data (Article 18 GDPR)<\/li>\n\n\n\n<li>right to object to the processing of Users' data (Article 21 GDPR)<\/li>\n\n\n\n<li>the right to portability of data provided by Users, where such data is subject to automated processing based on their consent or on a contract (Article 20 GDPR)<\/li>\n\n\n\n<li>right to determine the fate of Users' data after their death and to choose to whom <strong>masdeguerin.com<\/strong>&nbsp;will have to communicate (or not) their data to a third party that they have previously designated<\/li>\n<\/ul>\n\n\n\n<p>As soon as <strong>SCI MAS DE GUERIN<\/strong> is aware of the death of a User and in the absence of instructions from the User, <strong>masdeguerin.com<\/strong>\u00a0undertakes to destroy its data, unless it needs to be kept for evidential purposes or to comply with a legal obligation.<\/p>\n\n\n\n<p>If the User wishes to know how to <strong>SCI MAS DE GUERIN<\/strong> use his Personal Data, ask to rectify them or oppose their processing, the User may contact <strong>SCI MAS DE GUERIN<\/strong> in writing to the following address<\/p>\n\n\n\n<p><strong>SCI MAS DE GUERIN<\/strong> - Manager: S\u00e9bastien Marcel, Route de Mezoargues, 13150 Tarascon.<br>In this case, the User must indicate the Personal Data that he\/she would like to have <strong>SCI MAS DE GUERIN<\/strong> correct, update or delete, by identifying himself\/herself precisely with a copy of an identity document (identity card or passport).<\/p>\n\n\n\n<p>Requests for deletion of Personal Data will be subject to the obligations imposed on <strong>SCI MAS DE GUERIN<\/strong> by law, particularly with regard to the retention or archiving of documents. Finally, Users of https:\/\/masdeguerin.com may lodge a complaint with the supervisory authorities, in particular the CNIL (https:\/\/www.cnil.fr\/fr\/plaintes).<\/p>\n\n\n\n<h3 class=\"wp-block-heading\">5. Non-disclosure of personal data<\/h3>\n\n\n\n<p><strong>SCI MAS DE GUERIN<\/strong> shall not process, host or transfer the Information collected on its Customers to a country outside the European Union or recognised as \"non-adequate\" by the European Commission without prior notice to the Customer. However, <strong>SCI MAS DE GUERIN<\/strong> remains free to choose its technical and commercial subcontractors provided that they offer sufficient guarantees with regard to the requirements of the General Data Protection Regulation (GDPR: No. 2016-679).<\/p>\n\n\n\n<p><strong>SCI MAS DE GUERIN<\/strong> undertakes to take all necessary precautions to preserve the security of the Information and in particular that it is not communicated to unauthorised persons. However, if an incident affecting the integrity or confidentiality of the Customer's Information is brought to the attention of <strong>SCI MAS DE GUERIN<\/strong>The latter must inform the Client as soon as possible and inform him of the corrective measures taken. In addition, the <strong>SCI MAS DE GUERIN<\/strong> does not collect any \"sensitive data\".<\/p>\n\n\n\n<p>The User's Personal Data may be processed by subsidiaries of <strong>SCI MAS DE GUERIN<\/strong> and subcontractors (service providers), exclusively in order to achieve the purposes of this policy.<\/p>\n\n\n\n<p>Within the limits of their respective attributions and for the purposes mentioned above, the main persons likely to have access to the data of the Users of <strong>masdeguerin.com<\/strong> are mainly our customer service agents.<\/p>\n\n\n\n<h3 class=\"wp-block-heading\">6. Types of data collected<\/h3>\n\n\n\n<p>With regard to users of the https:\/\/masdeguerin.com site, we collect the following data, which are essential for the operation of the service, and which will be kept for a maximum period of 3 years after the end of the contractual relationship:<br>Surname, first name, postal address, e-mail, telephone and other information according to the needs expressed.<\/p>\n\n\n\n<p><strong>SCI MAS DE GUERIN<\/strong> also collects information to improve the user experience and provide contextualised advice:<br>Statistics via Google Analytics<\/p>\n\n\n\n<p>This data is kept for a maximum period of 5 years after the end of the contractual relationship.<\/p>","protected":false},"excerpt":{"rendered":"<p>1. Gestion des donn\u00e9es personnelles. Le Client est inform\u00e9 des r\u00e9glementations concernant la communication marketing, la loi du 21 Juin 2014 pour la confiance dans l\u2019Economie Num\u00e9rique, la Loi Informatique et Libert\u00e9 du 06 Ao\u00fbt 2004 ainsi que du R\u00e8glement G\u00e9n\u00e9ral sur la Protection des Donn\u00e9es (RGPD&nbsp;: n\u00b0 2016-679). 2. Responsables de la collecte des [&hellip;]<\/p>\n","protected":false},"author":1,"featured_media":0,"parent":0,"menu_order":0,"comment_status":"closed","ping_status":"closed","template":"","meta":{"footnotes":""},"class_list":["post-67","page","type-page","status-publish","czr-hentry"],"yoast_head":"<!-- This site is optimized with the Yoast SEO plugin v27.3 - https:\/\/yoast.com\/product\/yoast-seo-wordpress\/ -->\n<title>Politique de confidentialit\u00e9 - Mas de Guerin<\/title>\n<meta name=\"robots\" content=\"index, follow, max-snippet:-1, max-image-preview:large, max-video-preview:-1\" \/>\n<link rel=\"canonical\" href=\"https:\/\/masdeguerin.com\/en\/privacy-policy\/\" \/>\n<meta property=\"og:locale\" content=\"en_GB\" \/>\n<meta property=\"og:type\" content=\"article\" \/>\n<meta property=\"og:title\" content=\"Politique de confidentialit\u00e9 - Mas de Guerin\" \/>\n<meta property=\"og:description\" content=\"1. Gestion des donn\u00e9es personnelles. Le Client est inform\u00e9 des r\u00e9glementations concernant la communication marketing, la loi du 21 Juin 2014 pour la confiance dans l\u2019Economie Num\u00e9rique, la Loi Informatique et Libert\u00e9 du 06 Ao\u00fbt 2004 ainsi que du R\u00e8glement G\u00e9n\u00e9ral sur la Protection des Donn\u00e9es (RGPD&nbsp;: n\u00b0 2016-679). 2. Responsables de la collecte des [&hellip;]\" \/>\n<meta property=\"og:url\" content=\"https:\/\/masdeguerin.com\/en\/privacy-policy\/\" \/>\n<meta property=\"og:site_name\" content=\"Mas de Guerin\" \/>\n<meta property=\"article:publisher\" content=\"https:\/\/www.facebook.com\/masdeguerin\" \/>\n<meta property=\"article:modified_time\" content=\"2024-02-13T11:42:49+00:00\" \/>\n<meta name=\"twitter:card\" content=\"summary_large_image\" \/>\n<meta name=\"twitter:label1\" content=\"Estimated reading time\" \/>\n\t<meta name=\"twitter:data1\" content=\"6 minutes\" \/>\n<script type=\"application\/ld+json\" class=\"yoast-schema-graph\">{\"@context\":\"https:\\\/\\\/schema.org\",\"@graph\":[{\"@type\":\"WebPage\",\"@id\":\"https:\\\/\\\/masdeguerin.com\\\/politique-de-confidentialite\\\/\",\"url\":\"https:\\\/\\\/masdeguerin.com\\\/politique-de-confidentialite\\\/\",\"name\":\"Politique de confidentialit\u00e9 - Mas de Guerin\",\"isPartOf\":{\"@id\":\"https:\\\/\\\/masdeguerin.com\\\/#website\"},\"datePublished\":\"2023-02-06T10:06:54+00:00\",\"dateModified\":\"2024-02-13T11:42:49+00:00\",\"breadcrumb\":{\"@id\":\"https:\\\/\\\/masdeguerin.com\\\/politique-de-confidentialite\\\/#breadcrumb\"},\"inLanguage\":\"en-GB\",\"potentialAction\":[{\"@type\":\"ReadAction\",\"target\":[\"https:\\\/\\\/masdeguerin.com\\\/politique-de-confidentialite\\\/\"]}]},{\"@type\":\"BreadcrumbList\",\"@id\":\"https:\\\/\\\/masdeguerin.com\\\/politique-de-confidentialite\\\/#breadcrumb\",\"itemListElement\":[{\"@type\":\"ListItem\",\"position\":1,\"name\":\"Accueil\",\"item\":\"https:\\\/\\\/masdeguerin.com\\\/\"},{\"@type\":\"ListItem\",\"position\":2,\"name\":\"Politique de confidentialit\u00e9\"}]},{\"@type\":\"WebSite\",\"@id\":\"https:\\\/\\\/masdeguerin.com\\\/#website\",\"url\":\"https:\\\/\\\/masdeguerin.com\\\/\",\"name\":\"Mas de Guerin\",\"description\":\"Location saisonni&egrave;re en Provence\",\"publisher\":{\"@id\":\"https:\\\/\\\/masdeguerin.com\\\/#organization\"},\"potentialAction\":[{\"@type\":\"SearchAction\",\"target\":{\"@type\":\"EntryPoint\",\"urlTemplate\":\"https:\\\/\\\/masdeguerin.com\\\/?s={search_term_string}\"},\"query-input\":{\"@type\":\"PropertyValueSpecification\",\"valueRequired\":true,\"valueName\":\"search_term_string\"}}],\"inLanguage\":\"en-GB\"},{\"@type\":\"Organization\",\"@id\":\"https:\\\/\\\/masdeguerin.com\\\/#organization\",\"name\":\"Mas de Guerin\",\"url\":\"https:\\\/\\\/masdeguerin.com\\\/\",\"logo\":{\"@type\":\"ImageObject\",\"inLanguage\":\"en-GB\",\"@id\":\"https:\\\/\\\/masdeguerin.com\\\/#\\\/schema\\\/logo\\\/image\\\/\",\"url\":\"https:\\\/\\\/masdeguerin.com\\\/wp-content\\\/uploads\\\/2023\\\/02\\\/cropped-LOGO-BLEU-MAS-DE-GUERIN.png\",\"contentUrl\":\"https:\\\/\\\/masdeguerin.com\\\/wp-content\\\/uploads\\\/2023\\\/02\\\/cropped-LOGO-BLEU-MAS-DE-GUERIN.png\",\"width\":1136,\"height\":849,\"caption\":\"Mas de Guerin\"},\"image\":{\"@id\":\"https:\\\/\\\/masdeguerin.com\\\/#\\\/schema\\\/logo\\\/image\\\/\"},\"sameAs\":[\"https:\\\/\\\/www.facebook.com\\\/masdeguerin\",\"https:\\\/\\\/www.instagram.com\\\/masdeguerin\\\/\"]}]}<\/script>\n<!-- \/ Yoast SEO plugin. -->","yoast_head_json":{"title":"Privacy policy - Mas de Guerin","robots":{"index":"index","follow":"follow","max-snippet":"max-snippet:-1","max-image-preview":"max-image-preview:large","max-video-preview":"max-video-preview:-1"},"canonical":"https:\/\/masdeguerin.com\/en\/privacy-policy\/","og_locale":"en_GB","og_type":"article","og_title":"Politique de confidentialit\u00e9 - Mas de Guerin","og_description":"1. Gestion des donn\u00e9es personnelles. Le Client est inform\u00e9 des r\u00e9glementations concernant la communication marketing, la loi du 21 Juin 2014 pour la confiance dans l\u2019Economie Num\u00e9rique, la Loi Informatique et Libert\u00e9 du 06 Ao\u00fbt 2004 ainsi que du R\u00e8glement G\u00e9n\u00e9ral sur la Protection des Donn\u00e9es (RGPD&nbsp;: n\u00b0 2016-679). 2. Responsables de la collecte des [&hellip;]","og_url":"https:\/\/masdeguerin.com\/en\/privacy-policy\/","og_site_name":"Mas de Guerin","article_publisher":"https:\/\/www.facebook.com\/masdeguerin","article_modified_time":"2024-02-13T11:42:49+00:00","twitter_card":"summary_large_image","twitter_misc":{"Estimated reading time":"6 minutes"},"schema":{"@context":"https:\/\/schema.org","@graph":[{"@type":"WebPage","@id":"https:\/\/masdeguerin.com\/politique-de-confidentialite\/","url":"https:\/\/masdeguerin.com\/politique-de-confidentialite\/","name":"Privacy policy - Mas de Guerin","isPartOf":{"@id":"https:\/\/masdeguerin.com\/#website"},"datePublished":"2023-02-06T10:06:54+00:00","dateModified":"2024-02-13T11:42:49+00:00","breadcrumb":{"@id":"https:\/\/masdeguerin.com\/politique-de-confidentialite\/#breadcrumb"},"inLanguage":"en-GB","potentialAction":[{"@type":"ReadAction","target":["https:\/\/masdeguerin.com\/politique-de-confidentialite\/"]}]},{"@type":"BreadcrumbList","@id":"https:\/\/masdeguerin.com\/politique-de-confidentialite\/#breadcrumb","itemListElement":[{"@type":"ListItem","position":1,"name":"Accueil","item":"https:\/\/masdeguerin.com\/"},{"@type":"ListItem","position":2,"name":"Politique de confidentialit\u00e9"}]},{"@type":"WebSite","@id":"https:\/\/masdeguerin.com\/#website","url":"https:\/\/masdeguerin.com\/","name":"Mas de Guerin","description":"Seasonal rental in Provence","publisher":{"@id":"https:\/\/masdeguerin.com\/#organization"},"potentialAction":[{"@type":"SearchAction","target":{"@type":"EntryPoint","urlTemplate":"https:\/\/masdeguerin.com\/?s={search_term_string}"},"query-input":{"@type":"PropertyValueSpecification","valueRequired":true,"valueName":"search_term_string"}}],"inLanguage":"en-GB"},{"@type":"Organization","@id":"https:\/\/masdeguerin.com\/#organization","name":"Mas de Guerin","url":"https:\/\/masdeguerin.com\/","logo":{"@type":"ImageObject","inLanguage":"en-GB","@id":"https:\/\/masdeguerin.com\/#\/schema\/logo\/image\/","url":"https:\/\/masdeguerin.com\/wp-content\/uploads\/2023\/02\/cropped-LOGO-BLEU-MAS-DE-GUERIN.png","contentUrl":"https:\/\/masdeguerin.com\/wp-content\/uploads\/2023\/02\/cropped-LOGO-BLEU-MAS-DE-GUERIN.png","width":1136,"height":849,"caption":"Mas de Guerin"},"image":{"@id":"https:\/\/masdeguerin.com\/#\/schema\/logo\/image\/"},"sameAs":["https:\/\/www.facebook.com\/masdeguerin","https:\/\/www.instagram.com\/masdeguerin\/"]}]}},"_links":{"self":[{"href":"https:\/\/masdeguerin.com\/en\/wp-json\/wp\/v2\/pages\/67","targetHints":{"allow":["GET"]}}],"collection":[{"href":"https:\/\/masdeguerin.com\/en\/wp-json\/wp\/v2\/pages"}],"about":[{"href":"https:\/\/masdeguerin.com\/en\/wp-json\/wp\/v2\/types\/page"}],"author":[{"embeddable":true,"href":"https:\/\/masdeguerin.com\/en\/wp-json\/wp\/v2\/users\/1"}],"replies":[{"embeddable":true,"href":"https:\/\/masdeguerin.com\/en\/wp-json\/wp\/v2\/comments?post=67"}],"version-history":[{"count":7,"href":"https:\/\/masdeguerin.com\/en\/wp-json\/wp\/v2\/pages\/67\/revisions"}],"predecessor-version":[{"id":857,"href":"https:\/\/masdeguerin.com\/en\/wp-json\/wp\/v2\/pages\/67\/revisions\/857"}],"wp:attachment":[{"href":"https:\/\/masdeguerin.com\/en\/wp-json\/wp\/v2\/media?parent=67"}],"curies":[{"name":"wp","href":"https:\/\/api.w.org\/{rel}","templated":true}]}}