{"id":67,"date":"2023-02-06T10:06:54","date_gmt":"2023-02-06T10:06:54","guid":{"rendered":"https:\/\/masdeguerin.com\/?page_id=67"},"modified":"2024-02-13T11:42:49","modified_gmt":"2024-02-13T11:42:49","slug":"datenschutzrichtlinie","status":"publish","type":"page","link":"https:\/\/masdeguerin.com\/de\/politique-de-confidentialite\/","title":{"rendered":"Datenschutzrichtlinie"},"content":{"rendered":"<h3 class=\"wp-block-heading\">1. Verwaltung der pers\u00f6nlichen Daten.<\/h3>\n\n\n\n<p>Der Kunde ist \u00fcber die Regelungen zur Marketingkommunikation, das Gesetz vom 21. Juni 2014 \u00fcber das Vertrauen in die digitale Wirtschaft, das Gesetz \u00fcber Informatik und Freiheit vom 06. August 2004 sowie die Allgemeine Datenschutzverordnung (RGPD: Nr. 2016-679) informiert.<\/p>\n\n\n\n<h3 class=\"wp-block-heading\">2. Verantwortliche f\u00fcr die Erhebung personenbezogener Daten<\/h3>\n\n\n\n<p>F\u00fcr Pers\u00f6nliche Daten, die im Rahmen der Erstellung des pers\u00f6nlichen Kontos des Nutzers und seiner Navigation auf der Website gesammelt werden, ist der Verantwortliche f\u00fcr die Verarbeitung der Pers\u00f6nlichen Daten : <strong>SCI MAS DE GUERIN<\/strong>vertreten durch S\u00e9bastien marcel, seinen gesetzlichen Vertreter<\/p>\n\n\n\n<p>Als Verantwortlicher f\u00fcr die Verarbeitung der von ihm erhobenen Daten, <strong>SCI MAS DE GUERIN<\/strong> verpflichtet sich, den Rahmen der geltenden gesetzlichen Bestimmungen einzuhalten. Insbesondere obliegt es dem Kunden, die Zwecke seiner Datenverarbeitung festzulegen, seinen Interessenten und Kunden ab der Einholung ihrer Einwilligungen vollst\u00e4ndige Informationen \u00fcber die Verarbeitung ihrer personenbezogenen Daten zu geben und ein Register der Datenverarbeitung zu f\u00fchren, das den Tatsachen entspricht.<br>Jedes Mal, wenn <strong>SCI MAS DE GUERIN<\/strong> verarbeitet Pers\u00f6nliche Daten, <strong>SCI MAS DE GUERIN<\/strong> alle angemessenen Schritte unternimmt, um die Richtigkeit und Relevanz der Pers\u00f6nlichen Daten f\u00fcr die Zwecke, f\u00fcr die sie bestimmt sind, sicherzustellen <strong>SCI MAS DE GUERIN<\/strong> behandelt sie.<\/p>\n\n\n\n<h3 class=\"wp-block-heading\">3. Zweck der erhobenen Daten<\/h3>\n\n\n\n<p><strong>SCI MAS DE GUERIN<\/strong> kann die Daten ganz oder teilweise verarbeiten :<\/p>\n\n\n\n<ul class=\"wp-block-list\">\n<li>um die Navigation auf der Website und die Verwaltung und Nachvollziehbarkeit der vom Nutzer bestellten Leistungen und Dienste zu erm\u00f6glichen: Verbindungs- und Nutzungsdaten der Website, Rechnungsstellung, Bestellverlauf usw.<\/li>\n\n\n\n<li>um Computerbetrug (Spamming, Hacking...) zu verhindern und zu bek\u00e4mpfen: Computerhardware, die zum Surfen verwendet wird, IP-Adresse, Passwort (gehasht)<\/li>\n\n\n\n<li>um die Navigation auf der Website zu verbessern: Verbindungs- und Nutzungsdaten<\/li>\n\n\n\n<li>zur Durchf\u00fchrung freiwilliger Umfragen zur Zufriedenheit \u00fcber <strong>masdeguerin.com<\/strong>&nbsp;: E-Mail-Adresse<\/li>\n\n\n\n<li>zur Durchf\u00fchrung von Kommunikationskampagnen (SMS, E-Mail): Telefonnummer, E-Mail-Adresse<\/li>\n<\/ul>\n\n\n\n<p><strong>SCI MAS DE GUERIN<\/strong> vermarktet Ihre pers\u00f6nlichen Daten nicht, sodass diese nur aus Notwendigkeit oder f\u00fcr statistische und analytische Zwecke verwendet werden.<\/p>\n\n\n\n<h3 class=\"wp-block-heading\">4. Recht auf Zugang, Berichtigung und Widerspruch<\/h3>\n\n\n\n<p>Gem\u00e4\u00df den geltenden EU-Vorschriften haben die Nutzer von https:\/\/masdeguerin.com folgende Rechte:<\/p>\n\n\n\n<ul class=\"wp-block-list\">\n<li>Recht auf Zugang (Artikel 15 DSGVO) und Berichtigung (Artikel 16 DSGVO), Aktualisierung, Vervollst\u00e4ndigung der Daten der Nutzer Recht auf Sperrung oder L\u00f6schung der personenbezogenen Daten der Nutzer (Artikel 17 DSGVO), wenn diese unrichtig, unvollst\u00e4ndig, zweideutig oder veraltet sind oder deren Erhebung, Nutzung, Weitergabe oder Aufbewahrung verboten ist.<\/li>\n\n\n\n<li>Recht, eine Einwilligung jederzeit zu widerrufen (Artikel 13-2c DSGVO)<\/li>\n\n\n\n<li>Recht auf Einschr\u00e4nkung der Verarbeitung von Nutzerdaten (Art. 18 DSGVO)<\/li>\n\n\n\n<li>Recht auf Widerspruch gegen die Verarbeitung von Nutzerdaten (Artikel 21 DSGVO)<\/li>\n\n\n\n<li>Recht auf \u00dcbertragbarkeit der von den Nutzern bereitgestellten Daten, wenn diese Daten Gegenstand einer automatisierten Verarbeitung sind, die auf ihrer Einwilligung oder auf einem Vertrag beruht (Artikel 20 DSGVO)<\/li>\n\n\n\n<li>Recht, den Verbleib der Daten der Nutzer nach ihrem Tod zu bestimmen und zu entscheiden, an wen <strong>masdeguerin.com<\/strong>&nbsp;seine Daten an einen von ihm bestimmten Dritten weitergeben muss (oder nicht)<\/li>\n<\/ul>\n\n\n\n<p>Sobald <strong>SCI MAS DE GUERIN<\/strong> Kenntnis vom Tod eines Nutzers hat und keine Anweisungen von ihm erh\u00e4lt, <strong>masdeguerin.com<\/strong>\u00a0verpflichtet sich, seine Daten zu vernichten, au\u00dfer wenn ihre Aufbewahrung f\u00fcr Beweiszwecke oder zur Erf\u00fcllung einer gesetzlichen Verpflichtung erforderlich ist.<\/p>\n\n\n\n<p>Wenn der Nutzer wissen m\u00f6chte, wie <strong>SCI MAS DE GUERIN<\/strong> seine Pers\u00f6nlichen Daten verwenden, ihre Berichtigung verlangen oder sich ihrer Verarbeitung widersetzen m\u00f6chte, kann der Nutzer Kontakt aufnehmen mit <strong>SCI MAS DE GUERIN<\/strong> schriftlich an die folgende Adresse:<\/p>\n\n\n\n<p><strong>SCI MAS DE GUERIN<\/strong> - Gesch\u00e4ftsf\u00fchrer : S\u00e9bastien Marcel, Route de Mezoargues, 13150 tarascon.<br>In diesem Fall muss der Nutzer angeben, welche Pers\u00f6nlichen Daten er gerne h\u00e4tte, dass <strong>SCI MAS DE GUERIN<\/strong> korrigiert, aktualisiert oder l\u00f6scht, indem er sich mit einer Kopie eines Identit\u00e4tsnachweises (Personalausweis oder Reisepass) genau identifiziert.<\/p>\n\n\n\n<p>Antr\u00e4ge auf L\u00f6schung Pers\u00f6nlicher Daten unterliegen den Verpflichtungen, die auferlegt werden von <strong>SCI MAS DE GUERIN<\/strong> durch das Gesetz, insbesondere in Bezug auf die Aufbewahrung oder Archivierung von Dokumenten. Schlie\u00dflich k\u00f6nnen die Nutzer von https:\/\/masdeguerin.com eine Beschwerde bei den Aufsichtsbeh\u00f6rden, insbesondere bei der CNIL (https:\/\/www.cnil.fr\/fr\/plaintes), einreichen.<\/p>\n\n\n\n<h3 class=\"wp-block-heading\">5. Nichtweitergabe von pers\u00f6nlichen Daten<\/h3>\n\n\n\n<p><strong>SCI MAS DE GUERIN<\/strong> die von seinen Kunden gesammelten Informationen nicht verarbeiten, hosten oder in ein Land au\u00dferhalb der Europ\u00e4ischen Union oder in ein Land, das von der Europ\u00e4ischen Kommission als \"nicht angemessen\" eingestuft wurde, \u00fcbertragen, ohne den Kunden vorab dar\u00fcber zu informieren. Insofern <strong>SCI MAS DE GUERIN<\/strong> bleibt frei in der Wahl seiner technischen und kommerziellen Unterauftragnehmer, vorausgesetzt, dass diese ausreichende Garantien im Hinblick auf die Anforderungen der Allgemeinen Datenschutzverordnung (DSGVO: Nr. 2016-679) bieten.<\/p>\n\n\n\n<p><strong>SCI MAS DE GUERIN<\/strong> verpflichtet sich, alle notwendigen Vorsichtsma\u00dfnahmen zu ergreifen, um die Sicherheit der Informationen zu gew\u00e4hrleisten und insbesondere sicherzustellen, dass sie nicht an unbefugte Personen weitergegeben werden. Sollte jedoch ein Vorfall, der sich auf die Integrit\u00e4t oder Vertraulichkeit der Kundeninformationen auswirkt, bekannt werden von <strong>SCI MAS DE GUERIN<\/strong>In diesem Fall muss sie den Kunden so schnell wie m\u00f6glich informieren und ihm die ergriffenen Korrekturma\u00dfnahmen mitteilen. Dar\u00fcber hinaus <strong>SCI MAS DE GUERIN<\/strong> sammelt keine \"sensiblen Daten\".<\/p>\n\n\n\n<p>Die Pers\u00f6nlichen Daten des Nutzers k\u00f6nnen von Tochtergesellschaften der folgenden Unternehmen verarbeitet werden <strong>SCI MAS DE GUERIN<\/strong> und Subunternehmer (Dienstleister), ausschlie\u00dflich um die Zwecke dieser Richtlinie zu erf\u00fcllen.<\/p>\n\n\n\n<p>Im Rahmen ihrer jeweiligen Zust\u00e4ndigkeiten und f\u00fcr die oben genannten Zwecke sind die wichtigsten Personen, die Zugang zu den Daten der Nutzerinnen und Nutzer von <strong>masdeguerin.com<\/strong> sind haupts\u00e4chlich die Mitarbeiter unseres Kundendienstes.<\/p>\n\n\n\n<h3 class=\"wp-block-heading\">6. Arten von gesammelten Daten<\/h3>\n\n\n\n<p>In Bezug auf die Nutzer der Website https:\/\/masdeguerin.com erheben wir die folgenden Daten, die f\u00fcr das Funktionieren des Dienstes unerl\u00e4sslich sind , und die f\u00fcr einen Zeitraum von maximal 3 Jahren nach Beendigung des Vertragsverh\u00e4ltnisses aufbewahrt werden:<br>Name, Vorname, Postanschrift, E-Mail-Adresse, Telefon und andere Informationen entsprechend den ge\u00e4u\u00dferten Bed\u00fcrfnissen.<\/p>\n\n\n\n<p><strong>SCI MAS DE GUERIN<\/strong> sammelt dar\u00fcber hinaus Informationen, um die Nutzererfahrung zu verbessern und kontextbezogene Ratschl\u00e4ge zu geben:<br>Statistiken \u00fcber Google Analytics<\/p>\n\n\n\n<p>Diese Daten werden f\u00fcr einen Zeitraum von maximal f\u00fcnf Jahren nach Beendigung des Vertragsverh\u00e4ltnisses aufbewahrt.<\/p>","protected":false},"excerpt":{"rendered":"<p>1. Gestion des donn\u00e9es personnelles. Le Client est inform\u00e9 des r\u00e9glementations concernant la communication marketing, la loi du 21 Juin 2014 pour la confiance dans l\u2019Economie Num\u00e9rique, la Loi Informatique et Libert\u00e9 du 06 Ao\u00fbt 2004 ainsi que du R\u00e8glement G\u00e9n\u00e9ral sur la Protection des Donn\u00e9es (RGPD&nbsp;: n\u00b0 2016-679). 2. Responsables de la collecte des [&hellip;]<\/p>\n","protected":false},"author":1,"featured_media":0,"parent":0,"menu_order":0,"comment_status":"closed","ping_status":"closed","template":"","meta":{"footnotes":""},"class_list":["post-67","page","type-page","status-publish","czr-hentry"],"yoast_head":"<!-- This site is optimized with the Yoast SEO plugin v27.3 - https:\/\/yoast.com\/product\/yoast-seo-wordpress\/ -->\n<title>Politique de confidentialit\u00e9 - Mas de Guerin<\/title>\n<meta name=\"robots\" content=\"index, follow, max-snippet:-1, max-image-preview:large, max-video-preview:-1\" \/>\n<link rel=\"canonical\" href=\"https:\/\/masdeguerin.com\/de\/datenschutzrichtlinie\/\" \/>\n<meta property=\"og:locale\" content=\"de_DE\" \/>\n<meta property=\"og:type\" content=\"article\" \/>\n<meta property=\"og:title\" content=\"Politique de confidentialit\u00e9 - Mas de Guerin\" \/>\n<meta property=\"og:description\" content=\"1. Gestion des donn\u00e9es personnelles. Le Client est inform\u00e9 des r\u00e9glementations concernant la communication marketing, la loi du 21 Juin 2014 pour la confiance dans l\u2019Economie Num\u00e9rique, la Loi Informatique et Libert\u00e9 du 06 Ao\u00fbt 2004 ainsi que du R\u00e8glement G\u00e9n\u00e9ral sur la Protection des Donn\u00e9es (RGPD&nbsp;: n\u00b0 2016-679). 2. Responsables de la collecte des [&hellip;]\" \/>\n<meta property=\"og:url\" content=\"https:\/\/masdeguerin.com\/de\/datenschutzrichtlinie\/\" \/>\n<meta property=\"og:site_name\" content=\"Mas de Guerin\" \/>\n<meta property=\"article:publisher\" content=\"https:\/\/www.facebook.com\/masdeguerin\" \/>\n<meta property=\"article:modified_time\" content=\"2024-02-13T11:42:49+00:00\" \/>\n<meta name=\"twitter:card\" content=\"summary_large_image\" \/>\n<meta name=\"twitter:label1\" content=\"Gesch\u00e4tzte Lesezeit\" \/>\n\t<meta name=\"twitter:data1\" content=\"6\u00a0Minuten\" \/>\n<script type=\"application\/ld+json\" class=\"yoast-schema-graph\">{\"@context\":\"https:\\\/\\\/schema.org\",\"@graph\":[{\"@type\":\"WebPage\",\"@id\":\"https:\\\/\\\/masdeguerin.com\\\/politique-de-confidentialite\\\/\",\"url\":\"https:\\\/\\\/masdeguerin.com\\\/politique-de-confidentialite\\\/\",\"name\":\"Politique de confidentialit\u00e9 - Mas de Guerin\",\"isPartOf\":{\"@id\":\"https:\\\/\\\/masdeguerin.com\\\/#website\"},\"datePublished\":\"2023-02-06T10:06:54+00:00\",\"dateModified\":\"2024-02-13T11:42:49+00:00\",\"breadcrumb\":{\"@id\":\"https:\\\/\\\/masdeguerin.com\\\/politique-de-confidentialite\\\/#breadcrumb\"},\"inLanguage\":\"de\",\"potentialAction\":[{\"@type\":\"ReadAction\",\"target\":[\"https:\\\/\\\/masdeguerin.com\\\/politique-de-confidentialite\\\/\"]}]},{\"@type\":\"BreadcrumbList\",\"@id\":\"https:\\\/\\\/masdeguerin.com\\\/politique-de-confidentialite\\\/#breadcrumb\",\"itemListElement\":[{\"@type\":\"ListItem\",\"position\":1,\"name\":\"Accueil\",\"item\":\"https:\\\/\\\/masdeguerin.com\\\/\"},{\"@type\":\"ListItem\",\"position\":2,\"name\":\"Politique de confidentialit\u00e9\"}]},{\"@type\":\"WebSite\",\"@id\":\"https:\\\/\\\/masdeguerin.com\\\/#website\",\"url\":\"https:\\\/\\\/masdeguerin.com\\\/\",\"name\":\"Mas de Guerin\",\"description\":\"Location saisonni&egrave;re en Provence\",\"publisher\":{\"@id\":\"https:\\\/\\\/masdeguerin.com\\\/#organization\"},\"potentialAction\":[{\"@type\":\"SearchAction\",\"target\":{\"@type\":\"EntryPoint\",\"urlTemplate\":\"https:\\\/\\\/masdeguerin.com\\\/?s={search_term_string}\"},\"query-input\":{\"@type\":\"PropertyValueSpecification\",\"valueRequired\":true,\"valueName\":\"search_term_string\"}}],\"inLanguage\":\"de\"},{\"@type\":\"Organization\",\"@id\":\"https:\\\/\\\/masdeguerin.com\\\/#organization\",\"name\":\"Mas de Guerin\",\"url\":\"https:\\\/\\\/masdeguerin.com\\\/\",\"logo\":{\"@type\":\"ImageObject\",\"inLanguage\":\"de\",\"@id\":\"https:\\\/\\\/masdeguerin.com\\\/#\\\/schema\\\/logo\\\/image\\\/\",\"url\":\"https:\\\/\\\/masdeguerin.com\\\/wp-content\\\/uploads\\\/2023\\\/02\\\/cropped-LOGO-BLEU-MAS-DE-GUERIN.png\",\"contentUrl\":\"https:\\\/\\\/masdeguerin.com\\\/wp-content\\\/uploads\\\/2023\\\/02\\\/cropped-LOGO-BLEU-MAS-DE-GUERIN.png\",\"width\":1136,\"height\":849,\"caption\":\"Mas de Guerin\"},\"image\":{\"@id\":\"https:\\\/\\\/masdeguerin.com\\\/#\\\/schema\\\/logo\\\/image\\\/\"},\"sameAs\":[\"https:\\\/\\\/www.facebook.com\\\/masdeguerin\",\"https:\\\/\\\/www.instagram.com\\\/masdeguerin\\\/\"]}]}<\/script>\n<!-- \/ Yoast SEO plugin. -->","yoast_head_json":{"title":"Datenschutzrichtlinie - Mas de Guerin","robots":{"index":"index","follow":"follow","max-snippet":"max-snippet:-1","max-image-preview":"max-image-preview:large","max-video-preview":"max-video-preview:-1"},"canonical":"https:\/\/masdeguerin.com\/de\/datenschutzrichtlinie\/","og_locale":"de_DE","og_type":"article","og_title":"Politique de confidentialit\u00e9 - Mas de Guerin","og_description":"1. Gestion des donn\u00e9es personnelles. Le Client est inform\u00e9 des r\u00e9glementations concernant la communication marketing, la loi du 21 Juin 2014 pour la confiance dans l\u2019Economie Num\u00e9rique, la Loi Informatique et Libert\u00e9 du 06 Ao\u00fbt 2004 ainsi que du R\u00e8glement G\u00e9n\u00e9ral sur la Protection des Donn\u00e9es (RGPD&nbsp;: n\u00b0 2016-679). 2. Responsables de la collecte des [&hellip;]","og_url":"https:\/\/masdeguerin.com\/de\/datenschutzrichtlinie\/","og_site_name":"Mas de Guerin","article_publisher":"https:\/\/www.facebook.com\/masdeguerin","article_modified_time":"2024-02-13T11:42:49+00:00","twitter_card":"summary_large_image","twitter_misc":{"Gesch\u00e4tzte Lesezeit":"6\u00a0Minuten"},"schema":{"@context":"https:\/\/schema.org","@graph":[{"@type":"WebPage","@id":"https:\/\/masdeguerin.com\/politique-de-confidentialite\/","url":"https:\/\/masdeguerin.com\/politique-de-confidentialite\/","name":"Datenschutzrichtlinie - Mas de Guerin","isPartOf":{"@id":"https:\/\/masdeguerin.com\/#website"},"datePublished":"2023-02-06T10:06:54+00:00","dateModified":"2024-02-13T11:42:49+00:00","breadcrumb":{"@id":"https:\/\/masdeguerin.com\/politique-de-confidentialite\/#breadcrumb"},"inLanguage":"de","potentialAction":[{"@type":"ReadAction","target":["https:\/\/masdeguerin.com\/politique-de-confidentialite\/"]}]},{"@type":"BreadcrumbList","@id":"https:\/\/masdeguerin.com\/politique-de-confidentialite\/#breadcrumb","itemListElement":[{"@type":"ListItem","position":1,"name":"Accueil","item":"https:\/\/masdeguerin.com\/"},{"@type":"ListItem","position":2,"name":"Politique de confidentialit\u00e9"}]},{"@type":"WebSite","@id":"https:\/\/masdeguerin.com\/#website","url":"https:\/\/masdeguerin.com\/","name":"Mas de Guerin","description":"Ferienunterk\u00fcnfte in Provence","publisher":{"@id":"https:\/\/masdeguerin.com\/#organization"},"potentialAction":[{"@type":"SearchAction","target":{"@type":"EntryPoint","urlTemplate":"https:\/\/masdeguerin.com\/?s={search_term_string}"},"query-input":{"@type":"PropertyValueSpecification","valueRequired":true,"valueName":"search_term_string"}}],"inLanguage":"de"},{"@type":"Organization","@id":"https:\/\/masdeguerin.com\/#organization","name":"Mas de Guerin","url":"https:\/\/masdeguerin.com\/","logo":{"@type":"ImageObject","inLanguage":"de","@id":"https:\/\/masdeguerin.com\/#\/schema\/logo\/image\/","url":"https:\/\/masdeguerin.com\/wp-content\/uploads\/2023\/02\/cropped-LOGO-BLEU-MAS-DE-GUERIN.png","contentUrl":"https:\/\/masdeguerin.com\/wp-content\/uploads\/2023\/02\/cropped-LOGO-BLEU-MAS-DE-GUERIN.png","width":1136,"height":849,"caption":"Mas de Guerin"},"image":{"@id":"https:\/\/masdeguerin.com\/#\/schema\/logo\/image\/"},"sameAs":["https:\/\/www.facebook.com\/masdeguerin","https:\/\/www.instagram.com\/masdeguerin\/"]}]}},"_links":{"self":[{"href":"https:\/\/masdeguerin.com\/de\/wp-json\/wp\/v2\/pages\/67","targetHints":{"allow":["GET"]}}],"collection":[{"href":"https:\/\/masdeguerin.com\/de\/wp-json\/wp\/v2\/pages"}],"about":[{"href":"https:\/\/masdeguerin.com\/de\/wp-json\/wp\/v2\/types\/page"}],"author":[{"embeddable":true,"href":"https:\/\/masdeguerin.com\/de\/wp-json\/wp\/v2\/users\/1"}],"replies":[{"embeddable":true,"href":"https:\/\/masdeguerin.com\/de\/wp-json\/wp\/v2\/comments?post=67"}],"version-history":[{"count":7,"href":"https:\/\/masdeguerin.com\/de\/wp-json\/wp\/v2\/pages\/67\/revisions"}],"predecessor-version":[{"id":857,"href":"https:\/\/masdeguerin.com\/de\/wp-json\/wp\/v2\/pages\/67\/revisions\/857"}],"wp:attachment":[{"href":"https:\/\/masdeguerin.com\/de\/wp-json\/wp\/v2\/media?parent=67"}],"curies":[{"name":"wp","href":"https:\/\/api.w.org\/{rel}","templated":true}]}}